{"id":3297,"date":"2025-05-06T17:10:26","date_gmt":"2025-05-06T15:10:26","guid":{"rendered":"https:\/\/next-wave-marketing.com\/?page_id=3297"},"modified":"2025-09-06T16:54:54","modified_gmt":"2025-09-06T14:54:54","slug":"ads","status":"publish","type":"page","link":"https:\/\/next-wave-marketing.com\/index.php\/ads\/","title":{"rendered":"Ads"},"content":{"rendered":"\n<div class=\"wp-block-uagb-container uagb-block-7758e69a alignfull uagb-is-root-container\"><div class=\"uagb-container-inner-blocks-wrap\">\n<div class=\"wp-block-cover alignfull\" style=\"margin-top:0;padding-top:5vw;padding-right:5vw;padding-bottom:5vw;padding-left:5vw\"><span aria-hidden=\"true\" class=\"wp-block-cover__background has-neve-link-color-background-color has-background-dim-100 has-background-dim\"><\/span><div class=\"wp-block-cover__inner-container is-layout-flow wp-block-cover-is-layout-flow\">\n<div class=\"wp-block-group is-layout-flex wp-container-core-group-is-layout-7f408244 wp-block-group-is-layout-flex\">\n<div class=\"wp-block-group wp-container-content-9cfa9a5a\"><div class=\"wp-block-group__inner-container is-layout-flow wp-block-group-is-layout-flow\">\n<p class=\"has-text-align-left has-nv-text-dark-bg-color has-text-color\" style=\"font-size:8.1vh;font-style:normal;font-weight:700;letter-spacing:-4px;line-height:0.9;text-transform:none\">Publica<br>Promuovi<br>Cresci<br><\/p>\n\n\n\n<p class=\"has-text-align-left has-white-color has-text-color\" style=\"font-size:5.5vh;font-style:normal;font-weight:700;letter-spacing:-4px;line-height:0.9;text-transform:none\">\u2014 Ads<\/p>\n<\/div><\/div>\n\n\n\n<div class=\"wp-block-group wp-container-content-5b91cf2b is-vertical is-content-justification-center is-nowrap is-layout-flex wp-container-core-group-is-layout-4a522ff6 wp-block-group-is-layout-flex\">\n<p class=\"has-nv-text-dark-bg-color has-text-color has-link-color wp-elements-0196456238109fc33e4cbb17855b5202\" style=\"font-size:3vh;font-style:normal;font-weight:500;letter-spacing:0px;line-height:1.4;text-decoration:none;text-transform:none\">Dai un boost alla tua attivit\u00e0 con le sponsorizzazioni online, studiate per farti scoprire dove il tuo publico \u00e8 pi\u00f9 coinvolto e cerca proprio te!<\/p>\n<\/div>\n\n\n\n<div class=\"wp-block-uagb-buttons uagb-buttons__outer-wrap uagb-btn__medium-btn uagb-btn-tablet__default-btn uagb-btn-mobile__default-btn uagb-block-8pf6mrdt\"><div class=\"uagb-buttons__wrap uagb-buttons-layout-wrap \">\n<div class=\"wp-block-uagb-buttons-child uagb-buttons__outer-wrap uagb-block-qilqknwm wp-block-button\"><div class=\"uagb-button__wrapper\"><a class=\"uagb-buttons-repeater wp-block-button__link\" aria-label=\"\" href=\"#\" rel=\"follow noopener\" target=\"_self\" role=\"button\"><div class=\"uagb-button__link\">PARLAMI DEL TUO PROGETTO<\/div><span class=\"uagb-button__icon uagb-button__icon-position-after\"><svg xmlns=\"https:\/\/www.w3.org\/2000\/svg\" viewBox=\"0 0 448 512\" aria-hidden=\"true\" focussable=\"false\"><path d=\"M256 64C256 46.33 270.3 32 288 32H415.1C415.1 32 415.1 32 415.1 32C420.3 32 424.5 32.86 428.2 34.43C431.1 35.98 435.5 38.27 438.6 41.3C438.6 41.35 438.6 41.4 438.7 41.44C444.9 47.66 447.1 55.78 448 63.9C448 63.94 448 63.97 448 64V192C448 209.7 433.7 224 416 224C398.3 224 384 209.7 384 192V141.3L214.6 310.6C202.1 323.1 181.9 323.1 169.4 310.6C156.9 298.1 156.9 277.9 169.4 265.4L338.7 96H288C270.3 96 256 81.67 256 64V64zM0 128C0 92.65 28.65 64 64 64H160C177.7 64 192 78.33 192 96C192 113.7 177.7 128 160 128H64V416H352V320C352 302.3 366.3 288 384 288C401.7 288 416 302.3 416 320V416C416 451.3 387.3 480 352 480H64C28.65 480 0 451.3 0 416V128z\"><\/path><\/svg><\/span><\/a><\/div><\/div>\n\n\n\n<div class=\"wp-block-uagb-buttons-child uagb-buttons__outer-wrap uagb-block-e54416f1 wp-block-button\"><div class=\"uagb-button__wrapper\"><a class=\"uagb-buttons-repeater wp-block-button__link\" aria-label=\"\" href=\"#SECTION\" rel=\"follow noopener\" target=\"_self\" role=\"button\"><div class=\"uagb-button__link\">scopri di pi\u00f9<\/div><span class=\"uagb-button__icon uagb-button__icon-position-after\"><svg xmlns=\"https:\/\/www.w3.org\/2000\/svg\" viewBox=\"0 0 320 512\" aria-hidden=\"true\" focussable=\"false\"><path d=\"M9.375 329.4c12.51-12.51 32.76-12.49 45.25 0L128 402.8V32c0-17.69 14.31-32 32-32s32 14.31 32 32v370.8l73.38-73.38c12.5-12.5 32.75-12.5 45.25 0s12.5 32.75 0 45.25l-128 128c-12.5 12.5-32.75 12.5-45.25 0l-128-128C-3.125 362.1-3.125 341.9 9.375 329.4z\"><\/path><\/svg><\/span><\/a><\/div><\/div>\n<\/div><\/div>\n<\/div>\n<\/div><\/div>\n<\/div><\/div>\n\n\n\n<div class=\"wp-block-uagb-container SECTION uagb-block-rln82muk alignfull uagb-is-root-container\"><div class=\"uagb-container-inner-blocks-wrap\">\n<div class=\"wp-block-uagb-container uagb-block-hyepa1en\">\n<div class=\"wp-block-uagb-image alignleft uagb-block-bcgeu9ck wp-block-uagb-image--layout-default wp-block-uagb-image--effect-static wp-block-uagb-image--align-left\"><figure class=\"wp-block-uagb-image__figure\"><img decoding=\"async\" srcset=\"https:\/\/next-wave-marketing.com\/wp-content\/uploads\/2025\/06\/Screenshot-2024-07-13-115217-edited-1.jpg ,https:\/\/next-wave-marketing.com\/wp-content\/uploads\/2025\/04\/Screenshot-2024-07-13-115217.jpg 780w, https:\/\/next-wave-marketing.com\/wp-content\/uploads\/2025\/04\/Screenshot-2024-07-13-115217.jpg 360w\" sizes=\"auto, (max-width: 480px) 150px\" src=\"https:\/\/next-wave-marketing.com\/wp-content\/uploads\/2025\/06\/Screenshot-2024-07-13-115217-edited-1.jpg\" alt=\"\" class=\"uag-image-3582\" width=\"564\" height=\"400\" title=\"Screenshot 2024-07-13 115217\" loading=\"lazy\" role=\"img\"\/><\/figure><\/div>\n\n\n\n<div class=\"wp-block-uagb-info-box uagb-block-d5sfyakw uagb-infobox__content-wrap  uagb-infobox-icon-above-title uagb-infobox-image-valign-top\"><div class=\"uagb-ifb-content\"><div class=\"uagb-ifb-title-wrap\"><p class=\"uagb-ifb-title-prefix\">01<\/p><h3 class=\"uagb-ifb-title\">Strategic Consulting<\/h3><\/div><p class=\"uagb-ifb-desc\">Share some details here for Service one. This is a flexible section where you can share anything you want. It could be details or some information about your service.<\/p><\/div><\/div>\n<\/div>\n<\/div><\/div>\n\n\n\n<div style=\"height:54px\" aria-hidden=\"true\" class=\"wp-block-spacer\"><\/div>\n\n\n\n<div class=\"wp-block-cover alignfull wp-duotone-grayscale\" style=\"margin-top:0;padding-top:4vw;padding-right:4vw;padding-bottom:4vw;padding-left:4vw;min-height:50vh;aspect-ratio:unset;\"><img decoding=\"async\" class=\"wp-block-cover__image-background wp-image-334\" alt=\"\" src=\"https:\/\/pd.w.org\/2022\/01\/2661f82cd1ba9172.16386413.jpg\" style=\"object-position:48% 50%\" data-object-fit=\"cover\" data-object-position=\"48% 50%\"\/><span aria-hidden=\"true\" class=\"wp-block-cover__background has-nv-dark-bg-background-color has-background-dim-90 has-background-dim\"><\/span><div class=\"wp-block-cover__inner-container is-layout-flow wp-block-cover-is-layout-flow\">\n<div class=\"wp-block-uagb-advanced-heading uagb-block-3d83283c\"><h1 class=\"uagb-heading-text\">NON CI CREDI?<\/h1><p class=\"uagb-desc-text\">FAI UNA PROVA CON IL 20% DI SCONTO SUL PRIMO MESE<\/p><\/div>\n<\/div><\/div>\n\n\n\n<div class=\"wp-block-columns alignwide is-layout-flex wp-container-core-columns-is-layout-829b1d53 wp-block-columns-is-layout-flex\" style=\"margin-bottom:0\">\n<div class=\"wp-block-column has-nv-light-bg-background-color has-text-color has-background has-link-color wp-elements-7b0660f4e811fd285ea064d6c0260592 is-layout-flow wp-block-column-is-layout-flow\" style=\"color:#000000;padding-top:2em;padding-right:2em;padding-bottom:2em;padding-left:2em\">\n<h2 class=\"wp-block-heading\" id=\"single\" style=\"font-size:40px\"><strong>1 mese<\/strong><\/h2>\n\n\n\n<p class=\"has-normal-font-size\" style=\"line-height:1.5\"><strong>Prova le pubblicit\u00e0 online per capire se fa al caso tuo<\/strong><\/p>\n\n\n\n<hr class=\"wp-block-separator has-text-color has-css-opacity has-background is-style-wide\" style=\"background-color:#000000;color:#000000\"\/>\n\n\n\n<ul class=\"wp-block-list has-normal-font-size\">\n<li>1 mese di sponsorizzate sui social<\/li>\n\n\n\n<li>Report a fine mese dei risultati<\/li>\n\n\n\n<li>Supporto h24 7 su 7<\/li>\n<\/ul>\n\n\n\n<div class=\"wp-block-buttons is-horizontal is-content-justification-center is-layout-flex wp-container-core-buttons-is-layout-499968f5 wp-block-buttons-is-layout-flex\">\n<div class=\"wp-block-button has-custom-width wp-block-button__width-100\"><a class=\"wp-block-button__link has-nv-dark-bg-color has-nv-text-dark-bg-background-color has-text-color has-background wp-element-button\" style=\"border-radius:20px\">\u20ac199 \/ mese<\/a><\/div>\n<\/div>\n<\/div>\n\n\n\n<div class=\"wp-block-column has-neve-link-color-background-color has-text-color has-background has-link-color wp-elements-686c7ace57d1da9b5605a3fa52c92c99 is-layout-flow wp-block-column-is-layout-flow\" style=\"color:#000000;padding-top:2em;padding-right:2em;padding-bottom:2em;padding-left:2em\">\n<h2 class=\"wp-block-heading\" id=\"family\" style=\"font-size:40px\"><strong>3 mesi<\/strong><\/h2>\n\n\n\n<p class=\"has-normal-font-size\" style=\"line-height:1.5\"><strong>Progettiamo insieme un progetto dove pianificheremo in anticipo le tue prossime mosse<\/strong><\/p>\n\n\n\n<hr class=\"wp-block-separator has-css-opacity is-style-wide\"\/>\n\n\n\n<ul class=\"wp-block-list has-normal-font-size\">\n<li>3 mesi di sponsorizzate sui social<\/li>\n\n\n\n<li>Report a fine mese dei risultati<\/li>\n\n\n\n<li>Miglioramento in tempo reale delle campagne<\/li>\n\n\n\n<li>Consigli sulla creazione dei contenuti<\/li>\n\n\n\n<li>Consulenza grafiche social<\/li>\n\n\n\n<li>Supporto h24 7 su 7<\/li>\n<\/ul>\n\n\n\n<div class=\"wp-block-buttons is-horizontal is-content-justification-center is-layout-flex wp-container-core-buttons-is-layout-499968f5 wp-block-buttons-is-layout-flex\">\n<div class=\"wp-block-button has-custom-width wp-block-button__width-100 is-style-fill\"><a class=\"wp-block-button__link has-nv-dark-bg-color has-nv-text-dark-bg-background-color has-text-color has-background wp-element-button\" style=\"border-radius:20px\">\u20ac497 \/ trimestrale<\/a><\/div>\n<\/div>\n<\/div>\n\n\n\n<div class=\"wp-block-column has-nv-c-2-background-color has-text-color has-background has-link-color wp-elements-324ca0a83fdc1279316032734aca7aa7 is-layout-flow wp-block-column-is-layout-flow\" style=\"color:#000000;padding-top:2em;padding-right:2em;padding-bottom:2em;padding-left:2em\">\n<h2 class=\"wp-block-heading\" id=\"patron\" style=\"font-size:40px\"><strong>6\/12 mesi<\/strong><\/h2>\n\n\n\n<p class=\"has-normal-font-size\"><strong>Porta l&#8217;assistenza al prossimo livello.<\/strong><\/p>\n\n\n\n<hr class=\"wp-block-separator has-css-opacity is-style-wide\"\/>\n\n\n\n<ul class=\"wp-block-list has-normal-font-size\">\n<li>3 mesi di sponsorizzate sui social<\/li>\n\n\n\n<li>Report a fine mese dei risultati<\/li>\n\n\n\n<li>Miglioramento in tempo reale delle campagne<\/li>\n\n\n\n<li>Consigli sulla creazione dei contenuti<\/li>\n\n\n\n<li>Consulenza grafiche social<\/li>\n\n\n\n<li>Business plan della campagna di marketing<\/li>\n\n\n\n<li>Targeting e retargeting per il posizionamento nel mercato<\/li>\n\n\n\n<li>Supporto h24 7 su 7<\/li>\n<\/ul>\n\n\n\n<div class=\"wp-block-buttons is-horizontal is-content-justification-center is-layout-flex wp-container-core-buttons-is-layout-499968f5 wp-block-buttons-is-layout-flex\">\n<div class=\"wp-block-button has-custom-width wp-block-button__width-100\"><a class=\"wp-block-button__link has-nv-dark-bg-color has-nv-text-dark-bg-background-color has-text-color has-background wp-element-button\" style=\"border-style:none;border-width:0px;border-radius:20px\">preventivo gratuito<\/a><\/div>\n<\/div>\n<\/div>\n<\/div>\n\n\n\n<p class=\"has-text-align-center\" style=\"padding-right:var(--wp--preset--spacing--50);padding-left:var(--wp--preset--spacing--50);font-size:1.7vh\"><em>Tutti i prezzi si intendono iva esclusa e budget publicitario a parte, senza nessun incremento per la gestione di budget elevati<\/em>.<\/p>\n","protected":false},"excerpt":{"rendered":"<p>1 mese Prova le pubblicit\u00e0 online per capire se fa al caso tuo 3 mesi Progettiamo insieme un progetto dove pianificheremo in anticipo le tue prossime mosse 6\/12 mesi Porta l&#8217;assistenza al prossimo livello. Tutti i prezzi si intendono iva esclusa e budget publicitario a parte, senza nessun incremento per la gestione di budget elevati.<\/p>\n","protected":false},"author":1,"featured_media":0,"parent":0,"menu_order":0,"comment_status":"closed","ping_status":"closed","template":"","meta":{"_uag_custom_page_level_css":"","neve_meta_sidebar":"","neve_meta_container":"","neve_meta_enable_content_width":"","neve_meta_content_width":0,"neve_meta_title_alignment":"","neve_meta_author_avatar":"","neve_post_elements_order":"","neve_meta_disable_header":"off","neve_meta_disable_footer":"off","neve_meta_disable_title":"on","footnotes":""},"class_list":["post-3297","page","type-page","status-publish","hentry"],"uagb_featured_image_src":{"full":false,"thumbnail":false,"medium":false,"medium_large":false,"large":false,"1536x1536":false,"2048x2048":false,"neve-blog":false},"uagb_author_info":{"display_name":"next-wave-marketing.com","author_link":"https:\/\/next-wave-marketing.com\/author\/next-wave-marketing-com\/"},"uagb_comment_info":0,"uagb_excerpt":"1 mese Prova le pubblicit\u00e0 online per capire se fa al caso tuo 3 mesi Progettiamo insieme un progetto dove pianificheremo in anticipo le tue prossime mosse 6\/12 mesi Porta l&#8217;assistenza al prossimo livello. Tutti i prezzi si intendono iva esclusa e budget publicitario a parte, senza nessun incremento per la gestione di budget elevati.","_links":{"self":[{"href":"https:\/\/next-wave-marketing.com\/index.php\/wp-json\/wp\/v2\/pages\/3297","targetHints":{"allow":["GET"]}}],"collection":[{"href":"https:\/\/next-wave-marketing.com\/index.php\/wp-json\/wp\/v2\/pages"}],"about":[{"href":"https:\/\/next-wave-marketing.com\/index.php\/wp-json\/wp\/v2\/types\/page"}],"author":[{"embeddable":true,"href":"https:\/\/next-wave-marketing.com\/index.php\/wp-json\/wp\/v2\/users\/1"}],"replies":[{"embeddable":true,"href":"https:\/\/next-wave-marketing.com\/index.php\/wp-json\/wp\/v2\/comments?post=3297"}],"version-history":[{"count":14,"href":"https:\/\/next-wave-marketing.com\/index.php\/wp-json\/wp\/v2\/pages\/3297\/revisions"}],"predecessor-version":[{"id":3623,"href":"https:\/\/next-wave-marketing.com\/index.php\/wp-json\/wp\/v2\/pages\/3297\/revisions\/3623"}],"wp:attachment":[{"href":"https:\/\/next-wave-marketing.com\/index.php\/wp-json\/wp\/v2\/media?parent=3297"}],"curies":[{"name":"wp","href":"https:\/\/api.w.org\/{rel}","templated":true}]}}